{"id":940,"date":"2024-04-10T14:18:39","date_gmt":"2024-04-10T20:18:39","guid":{"rendered":"https:\/\/diana-verona.com.mx\/?page_id=940"},"modified":"2024-08-13T09:47:19","modified_gmt":"2024-08-13T15:47:19","slug":"novedades_03","status":"publish","type":"page","link":"https:\/\/diana-verona.com.mx\/en\/novedades_03\/","title":{"rendered":"Novedades_03"},"content":{"rendered":"<div class=\"wp-block-stackable-columns alignfull stk-block-columns stk-block stk-77d9cf5\" data-block-id=\"77d9cf5\"><div class=\"stk-row stk-inner-blocks stk-block-content stk-content-align stk-77d9cf5-column alignfull\">\n<div class=\"wp-block-stackable-column stk-block-column stk-column stk-block stk-9c3a996\" data-v=\"4\" data-block-id=\"9c3a996\"><div class=\"stk-column-wrapper stk-block-column__content stk-container stk-9c3a996-container stk--no-background stk--no-padding\"><div class=\"stk-block-content stk-inner-blocks stk-9c3a996-inner-blocks\">\n<div class=\"wp-block-stackable-columns stk-block-columns stk-block stk-b7b4efb\" data-block-id=\"b7b4efb\"><div class=\"stk-row stk-inner-blocks stk-block-content stk-content-align stk-b7b4efb-column\">\n<div class=\"wp-block-stackable-column stk-block-column stk-column stk-block stk-15bd995 stk-block-background stk--has-background-overlay\" data-v=\"4\" data-block-id=\"15bd995\"><style>.stk-15bd995{background-image:url(http:\/\/diana-verona.com.mx\/wp-content\/uploads\/2024\/04\/TITULOS.jpg) !important;margin-top:-60px !important}<\/style><div class=\"stk-column-wrapper stk-block-column__content stk-container stk-15bd995-container stk--no-background stk--no-padding\"><div class=\"stk-block-content stk-inner-blocks stk-15bd995-inner-blocks\">\n<div class=\"wp-block-stackable-heading stk-block-heading stk-block-heading--v2 stk-block stk-ed54e10\" id=\"span-style-color-var-theme-palette-color-8-ffffff-class-stk-highlight-bandolas-span-span-style-color-var-theme-palette-color-1-6880-ca-class-stk-highlight-finas-span\" data-block-id=\"ed54e10\"><h3 class=\"stk-block-heading__text has-text-align-center\"><span style=\"color: var(--theme-palette-color-8, #ffffff);\" class=\"stk-highlight\">FINE<\/span> <span style=\"color: var(--theme-palette-color-1, #6880ca);\" class=\"stk-highlight\">SNAPHOOKS<\/span><\/h3><\/div>\n<\/div><\/div><\/div>\n<\/div><\/div>\n<\/div><\/div><\/div>\n<\/div><\/div>\n\n\n\n<div class=\"wp-block-stackable-columns stk-block-columns stk-block stk-0630f5d\" data-block-id=\"0630f5d\"><div class=\"stk-row stk-inner-blocks stk-block-content stk-content-align stk-0630f5d-column\">\n<div class=\"wp-block-stackable-column stk-block-column stk-column stk-block stk-41d20e5\" data-v=\"4\" data-block-id=\"41d20e5\"><style>@media screen and (min-width:690px){.stk-41d20e5{flex:var(--stk-flex-grow,1) 1 66.7% !important}}<\/style><div class=\"stk-column-wrapper stk-block-column__content stk-container stk-41d20e5-container stk--no-background stk--no-padding\"><div class=\"stk-block-content stk-inner-blocks stk-41d20e5-inner-blocks\">\n<div class=\"wp-block-stackable-image stk-block-image stk-block stk-2df742f\" data-block-id=\"2df742f\"><style>.stk-2df742f .stk-img-wrapper{width:100% !important;height:626px !important}<\/style><figure><span class=\"stk-img-wrapper stk-image--shape-stretch\"><img loading=\"lazy\" decoding=\"async\" class=\"stk-img wp-image-876\" src=\"http:\/\/diana-verona.com.mx\/wp-content\/uploads\/2024\/04\/news02_B.jpg\" width=\"1417\" height=\"1063\" srcset=\"https:\/\/diana-verona.com.mx\/wp-content\/uploads\/2024\/04\/news02_B.jpg 1417w, https:\/\/diana-verona.com.mx\/wp-content\/uploads\/2024\/04\/news02_B-300x225.jpg 300w, https:\/\/diana-verona.com.mx\/wp-content\/uploads\/2024\/04\/news02_B-1024x768.jpg 1024w, https:\/\/diana-verona.com.mx\/wp-content\/uploads\/2024\/04\/news02_B-768x576.jpg 768w\" sizes=\"auto, (max-width: 1417px) 100vw, 1417px\" \/><\/span><\/figure><\/div>\n<\/div><\/div><\/div>\n\n\n\n<div class=\"wp-block-stackable-column stk-block-column stk-column stk-block stk-37eec7a\" data-v=\"4\" data-block-id=\"37eec7a\"><style>@media screen and (min-width:690px){.stk-37eec7a{flex:var(--stk-flex-grow,1) 1 33.3% !important}}<\/style><div class=\"stk-column-wrapper stk-block-column__content stk-container stk-37eec7a-container stk--no-background stk--no-padding\"><div class=\"stk-block-content stk-inner-blocks stk-37eec7a-inner-blocks\">\n<div class=\"wp-block-stackable-image stk-block-image stk-block stk-9127359\" data-block-id=\"9127359\"><figure><span class=\"stk-img-wrapper stk-image--shape-stretch\"><img loading=\"lazy\" decoding=\"async\" class=\"stk-img wp-image-879\" src=\"http:\/\/diana-verona.com.mx\/wp-content\/uploads\/2024\/04\/news02_E.jpg\" width=\"1417\" height=\"1063\" srcset=\"https:\/\/diana-verona.com.mx\/wp-content\/uploads\/2024\/04\/news02_E.jpg 1417w, https:\/\/diana-verona.com.mx\/wp-content\/uploads\/2024\/04\/news02_E-300x225.jpg 300w, https:\/\/diana-verona.com.mx\/wp-content\/uploads\/2024\/04\/news02_E-1024x768.jpg 1024w, https:\/\/diana-verona.com.mx\/wp-content\/uploads\/2024\/04\/news02_E-768x576.jpg 768w\" sizes=\"auto, (max-width: 1417px) 100vw, 1417px\" \/><\/span><\/figure><\/div>\n\n\n\n<div class=\"wp-block-stackable-image stk-block-image stk-block stk-2efe39c\" data-block-id=\"2efe39c\"><figure><span class=\"stk-img-wrapper stk-image--shape-stretch\"><img loading=\"lazy\" decoding=\"async\" class=\"stk-img wp-image-880\" src=\"http:\/\/diana-verona.com.mx\/wp-content\/uploads\/2024\/04\/news02_F.jpg\" width=\"1417\" height=\"1063\" srcset=\"https:\/\/diana-verona.com.mx\/wp-content\/uploads\/2024\/04\/news02_F.jpg 1417w, https:\/\/diana-verona.com.mx\/wp-content\/uploads\/2024\/04\/news02_F-300x225.jpg 300w, https:\/\/diana-verona.com.mx\/wp-content\/uploads\/2024\/04\/news02_F-1024x768.jpg 1024w, https:\/\/diana-verona.com.mx\/wp-content\/uploads\/2024\/04\/news02_F-768x576.jpg 768w\" sizes=\"auto, (max-width: 1417px) 100vw, 1417px\" \/><\/span><\/figure><\/div>\n<\/div><\/div><\/div>\n<\/div><\/div>\n\n\n\n<div class=\"wp-block-stackable-columns stk-block-columns stk-block stk-c60001d\" data-block-id=\"c60001d\"><div class=\"stk-row stk-inner-blocks stk-block-content stk-content-align stk-c60001d-column\">\n<div class=\"wp-block-stackable-column stk-block-column stk-column stk-block stk-d8dcff6\" data-v=\"4\" data-block-id=\"d8dcff6\"><div class=\"stk-column-wrapper stk-block-column__content stk-container stk-d8dcff6-container stk--no-background stk--no-padding\"><div class=\"stk-block-content stk-inner-blocks stk-d8dcff6-inner-blocks\">\n<div class=\"wp-block-stackable-image stk-block-image stk-block stk-1523421\" data-block-id=\"1523421\"><figure><span class=\"stk-img-wrapper stk-image--shape-stretch\"><img loading=\"lazy\" decoding=\"async\" class=\"stk-img wp-image-881\" src=\"http:\/\/diana-verona.com.mx\/wp-content\/uploads\/2024\/04\/news02_G.jpg\" width=\"1417\" height=\"1063\" srcset=\"https:\/\/diana-verona.com.mx\/wp-content\/uploads\/2024\/04\/news02_G.jpg 1417w, https:\/\/diana-verona.com.mx\/wp-content\/uploads\/2024\/04\/news02_G-300x225.jpg 300w, https:\/\/diana-verona.com.mx\/wp-content\/uploads\/2024\/04\/news02_G-1024x768.jpg 1024w, https:\/\/diana-verona.com.mx\/wp-content\/uploads\/2024\/04\/news02_G-768x576.jpg 768w\" sizes=\"auto, (max-width: 1417px) 100vw, 1417px\" \/><\/span><\/figure><\/div>\n<\/div><\/div><\/div>\n\n\n\n<div class=\"wp-block-stackable-column stk-block-column stk-column stk-block stk-6620517\" data-v=\"4\" data-block-id=\"6620517\"><div class=\"stk-column-wrapper stk-block-column__content stk-container stk-6620517-container stk--no-background stk--no-padding\"><div class=\"stk-block-content stk-inner-blocks stk-6620517-inner-blocks\">\n<div class=\"wp-block-stackable-image stk-block-image stk-block stk-0c8133a\" data-block-id=\"0c8133a\"><figure><span class=\"stk-img-wrapper stk-image--shape-stretch\"><img loading=\"lazy\" decoding=\"async\" class=\"stk-img wp-image-878\" src=\"http:\/\/diana-verona.com.mx\/wp-content\/uploads\/2024\/04\/news02_D.jpg\" width=\"1417\" height=\"1063\" srcset=\"https:\/\/diana-verona.com.mx\/wp-content\/uploads\/2024\/04\/news02_D.jpg 1417w, https:\/\/diana-verona.com.mx\/wp-content\/uploads\/2024\/04\/news02_D-300x225.jpg 300w, https:\/\/diana-verona.com.mx\/wp-content\/uploads\/2024\/04\/news02_D-1024x768.jpg 1024w, https:\/\/diana-verona.com.mx\/wp-content\/uploads\/2024\/04\/news02_D-768x576.jpg 768w\" sizes=\"auto, (max-width: 1417px) 100vw, 1417px\" \/><\/span><\/figure><\/div>\n<\/div><\/div><\/div>\n\n\n\n<div class=\"wp-block-stackable-column stk-block-column stk-column stk-block stk-9221281\" data-v=\"4\" data-block-id=\"9221281\"><div class=\"stk-column-wrapper stk-block-column__content stk-container stk-9221281-container stk--no-background stk--no-padding\"><div class=\"stk-block-content stk-inner-blocks stk-9221281-inner-blocks\">\n<div class=\"wp-block-stackable-image stk-block-image stk-block stk-d4bc650\" data-block-id=\"d4bc650\"><figure><span class=\"stk-img-wrapper stk-image--shape-stretch\"><img loading=\"lazy\" decoding=\"async\" class=\"stk-img wp-image-877\" src=\"http:\/\/diana-verona.com.mx\/wp-content\/uploads\/2024\/04\/news02_C.jpg\" width=\"1417\" height=\"1063\" srcset=\"https:\/\/diana-verona.com.mx\/wp-content\/uploads\/2024\/04\/news02_C.jpg 1417w, https:\/\/diana-verona.com.mx\/wp-content\/uploads\/2024\/04\/news02_C-300x225.jpg 300w, https:\/\/diana-verona.com.mx\/wp-content\/uploads\/2024\/04\/news02_C-1024x768.jpg 1024w, https:\/\/diana-verona.com.mx\/wp-content\/uploads\/2024\/04\/news02_C-768x576.jpg 768w\" sizes=\"auto, (max-width: 1417px) 100vw, 1417px\" \/><\/span><\/figure><\/div>\n<\/div><\/div><\/div>\n<\/div><\/div>\n\n\n\n<div class=\"wp-block-stackable-columns stk-block-columns stk-block stk-5131dcc\" data-block-id=\"5131dcc\"><div class=\"stk-row stk-inner-blocks stk-block-content stk-content-align stk-5131dcc-column\">\n<div class=\"wp-block-stackable-column stk-block-column stk-column stk-block stk-8ff4d8e\" data-v=\"4\" data-block-id=\"8ff4d8e\"><div class=\"stk-column-wrapper stk-block-column__content stk-container stk-8ff4d8e-container stk--no-background stk--no-padding\"><div class=\"stk-block-content stk-inner-blocks stk-8ff4d8e-inner-blocks\">\n<div class=\"wp-block-stackable-separator alignfull stk-block-separator stk--no-padding stk-block stk-8274143\" data-block-id=\"8274143\"><div class=\"stk-block-separator__inner\"><svg xmlns=\"http:\/\/www.w3.org\/2000\/svg\" viewbox=\"0 0 1600 200\" class=\"stk-separator__layer-1\" preserveaspectratio=\"none\" aria-hidden=\"true\"><path class=\"wave-1_svg__st2\" d=\"M1341.4 48.9c-182.4 0-254.2 80.4-429.4 80.4-117.8 0-209.7-67.5-393.5-67.5-142.2 0-212.6 38.8-324.6 38.8S-10 64.7-10 64.7V210h1620V102c-110.6-40.2-181-53.1-268.6-53.1z\"><\/path><\/svg><\/div><\/div>\n<\/div><\/div><\/div>\n<\/div><\/div>\n\n\n\n<div class=\"wp-block-stackable-columns stk-block-columns stk-block stk-23e2a92\" data-block-id=\"23e2a92\"><div class=\"stk-row stk-inner-blocks stk-block-content stk-content-align stk-23e2a92-column\">\n<div class=\"wp-block-stackable-column stk-block-column stk-column stk-block stk-d3d7afa\" data-v=\"4\" data-block-id=\"d3d7afa\"><div class=\"stk-column-wrapper stk-block-column__content stk-container stk-d3d7afa-container stk--no-background stk--no-padding\"><div class=\"stk-block-content stk-inner-blocks stk-d3d7afa-inner-blocks\">\n<div class=\"wp-block-stackable-columns stk-block-columns stk-block stk-feb4d3d\" data-block-id=\"feb4d3d\"><div class=\"stk-row stk-inner-blocks stk-block-content stk-content-align stk-feb4d3d-column\">\n<div class=\"wp-block-stackable-column stk-block-column stk-column stk-block stk-47dd3a9\" data-v=\"4\" data-block-id=\"47dd3a9\"><div class=\"stk-column-wrapper stk-block-column__content stk-container stk-47dd3a9-container stk--no-background stk--no-padding\"><div class=\"stk-block-content stk-inner-blocks stk-47dd3a9-inner-blocks\">\n<div class=\"wp-block-stackable-heading stk-block-heading stk-block-heading--v2 stk-block stk-3161e21\" id=\"ultimas-span-style-color-var-theme-palette-color-1-6880-ca-class-stk-highlight-novedades-span\" data-block-id=\"3161e21\"><h2 class=\"stk-block-heading__text has-text-align-center\">NEW <span style=\"color: var(--theme-palette-color-1, #6880ca);\" class=\"stk-highlight\">RELEASES<\/span><\/h2><\/div>\n\n\n\n<div class=\"wp-block-stackable-text stk-block-text stk-block stk-3e371d8\" data-block-id=\"3e371d8\"><style>.stk-3e371d8 .stk-block-text__text{font-size:20px !important}@media screen and (max-width:999px){.stk-3e371d8 .stk-block-text__text{font-size:20px !important}}<\/style><p class=\"stk-block-text__text has-text-align-center\">The latest release products are displayed here.<\/p><\/div>\n<\/div><\/div><\/div>\n<\/div><\/div>\n<\/div><\/div><\/div>\n<\/div><\/div>\n\n\n\n<div class=\"wp-block-stackable-columns stk-block-columns stk-block stk-32cd8b9\" data-block-id=\"32cd8b9\"><div class=\"stk-row stk-inner-blocks stk-block-content stk-content-align stk-32cd8b9-column\">\n<div class=\"wp-block-stackable-column stk-block-column stk-column stk-block stk-6031374\" data-v=\"4\" data-block-id=\"6031374\"><div class=\"stk-column-wrapper stk-block-column__content stk-container stk-6031374-container stk--no-background stk--no-padding\"><div class=\"stk-block-content stk-inner-blocks stk-6031374-inner-blocks\">\n<div class=\"wp-block-stackable-columns stk-block-columns stk-block stk-f6ad224\" data-block-id=\"f6ad224\"><div class=\"stk-row stk-inner-blocks stk-block-content stk-content-align stk-f6ad224-column\">\n<div class=\"wp-block-stackable-column stk-block-column stk-column stk-block stk-69bdd4e\" data-v=\"4\" data-block-id=\"69bdd4e\"><div class=\"stk-column-wrapper stk-block-column__content stk-container stk-69bdd4e-container stk--no-background stk--no-padding\"><div class=\"stk-block-content stk-inner-blocks stk-69bdd4e-inner-blocks\">\n<div class=\"wp-block-stackable-columns stk-block-columns stk-block stk-b4caaad\" data-block-id=\"b4caaad\"><div class=\"stk-row stk-inner-blocks stk-block-content stk-content-align stk-b4caaad-column\">\n<div class=\"wp-block-stackable-column stk-block-column stk-column stk-block stk-2f69ed5\" data-v=\"4\" data-block-id=\"2f69ed5\"><div class=\"stk-column-wrapper stk-block-column__content stk-container stk-2f69ed5-container stk--no-background stk--no-padding\"><div class=\"stk-block-content stk-inner-blocks stk-2f69ed5-inner-blocks\">\n<div class=\"wp-block-stackable-image stk-block-image stk-block stk-2b2b39b\" data-block-id=\"2b2b39b\"><style>.stk-2b2b39b{margin-bottom:0px !important}.stk-2b2b39b .stk-img-wrapper{width:400px !important;height:400px !important}.stk-2b2b39b .stk-img-wrapper img{transform:scale(0.7) !important}.stk-2b2b39b .stk-img-wrapper img,.stk-2b2b39b .stk-img-wrapper::after,.stk-2b2b39b .stk-img-wrapper::before{mask-image:url('data:image\/svg+xml;base64,PHN2ZyB4bWxucz0iaHR0cDovL3d3dy53My5vcmcvMjAwMC9zdmciIHZpZXdCb3g9IjAgMCAxMDAgMTAwIiBwcmVzZXJ2ZUFzcGVjdFJhdGlvPSJub25lIj48Y2lyY2xlIGN4PSI1MCIgY3k9IjUwIiByPSI1MCI+PC9jaXJjbGU+PC9zdmc+') !important;-webkit-mask-image:url('data:image\/svg+xml;base64,PHN2ZyB4bWxucz0iaHR0cDovL3d3dy53My5vcmcvMjAwMC9zdmciIHZpZXdCb3g9IjAgMCAxMDAgMTAwIiBwcmVzZXJ2ZUFzcGVjdFJhdGlvPSJub25lIj48Y2lyY2xlIGN4PSI1MCIgY3k9IjUwIiByPSI1MCI+PC9jaXJjbGU+PC9zdmc+') !important}<\/style><figure><a class=\"stk-link\" href=\"https:\/\/diana-verona.com.mx\/en\/novedades_01\/\"><span class=\"stk-img-wrapper stk-img--shape stk-image--shape-stretch\"><img loading=\"lazy\" decoding=\"async\" class=\"stk-img wp-image-1149\" src=\"http:\/\/diana-verona.com.mx\/wp-content\/uploads\/2024\/08\/logo_mini.jpg\" width=\"540\" height=\"540\" srcset=\"https:\/\/diana-verona.com.mx\/wp-content\/uploads\/2024\/08\/logo_mini.jpg 540w, https:\/\/diana-verona.com.mx\/wp-content\/uploads\/2024\/08\/logo_mini-300x300.jpg 300w, https:\/\/diana-verona.com.mx\/wp-content\/uploads\/2024\/08\/logo_mini-150x150.jpg 150w, https:\/\/diana-verona.com.mx\/wp-content\/uploads\/2024\/08\/logo_mini-12x12.jpg 12w\" sizes=\"auto, (max-width: 540px) 100vw, 540px\" \/><\/span><\/a><\/figure><\/div>\n\n\n\n<div class=\"wp-block-stackable-columns stk-block-columns stk-block stk-b3648c7\" data-block-id=\"b3648c7\"><div class=\"stk-row stk-inner-blocks stk-block-content stk-content-align stk-b3648c7-column\">\n<div class=\"wp-block-stackable-column stk-block-column stk-column stk-block stk-90a227c\" data-v=\"4\" data-block-id=\"90a227c\"><div class=\"stk-column-wrapper stk-block-column__content stk-container stk-90a227c-container stk--no-background stk--no-padding\"><div class=\"stk-block-content stk-inner-blocks stk-90a227c-inner-blocks\">\n<div class=\"wp-block-stackable-text stk-block-text stk-block stk-9fe7497\" data-block-id=\"9fe7497\"><style>.stk-9fe7497 .stk-block-text__text{color:var(--theme-palette-color-4,#102136) !important}<\/style><p class=\"stk-block-text__text has-text-color has-text-align-center\"><strong>EXPO'S<\/strong><br>Discover the expos where you can find a Vedia Industrial booth. <\/p><\/div>\n<\/div><\/div><\/div>\n<\/div><\/div>\n<\/div><\/div><\/div>\n\n\n\n<div class=\"wp-block-stackable-column stk-block-column stk-column stk-block stk-7fcc1cc\" data-v=\"4\" data-block-id=\"7fcc1cc\"><div class=\"stk-column-wrapper stk-block-column__content stk-container stk-7fcc1cc-container stk--no-background stk--no-padding\"><div class=\"stk-block-content stk-inner-blocks stk-7fcc1cc-inner-blocks\">\n<div class=\"wp-block-stackable-image stk-block-image stk-block stk-8ac6c96\" data-block-id=\"8ac6c96\"><style>.stk-8ac6c96{margin-bottom:0px !important}.stk-8ac6c96 .stk-img-wrapper img{transform:scale(0.7) !important}.stk-8ac6c96 .stk-img-wrapper img,.stk-8ac6c96 .stk-img-wrapper::after,.stk-8ac6c96 .stk-img-wrapper::before{mask-image:url('data:image\/svg+xml;base64,PHN2ZyB4bWxucz0iaHR0cDovL3d3dy53My5vcmcvMjAwMC9zdmciIHZpZXdCb3g9IjAgMCAxMDAgMTAwIiBwcmVzZXJ2ZUFzcGVjdFJhdGlvPSJub25lIj48Y2lyY2xlIGN4PSI1MCIgY3k9IjUwIiByPSI1MCI+PC9jaXJjbGU+PC9zdmc+') !important;-webkit-mask-image:url('data:image\/svg+xml;base64,PHN2ZyB4bWxucz0iaHR0cDovL3d3dy53My5vcmcvMjAwMC9zdmciIHZpZXdCb3g9IjAgMCAxMDAgMTAwIiBwcmVzZXJ2ZUFzcGVjdFJhdGlvPSJub25lIj48Y2lyY2xlIGN4PSI1MCIgY3k9IjUwIiByPSI1MCI+PC9jaXJjbGU+PC9zdmc+') !important}<\/style><figure><a class=\"stk-link\" href=\"https:\/\/diana-verona.com.mx\/en\/novedades_02\/\"><span class=\"stk-img-wrapper stk-img--shape stk-image--shape-stretch\"><img loading=\"lazy\" decoding=\"async\" class=\"stk-img wp-image-867\" src=\"http:\/\/diana-verona.com.mx\/wp-content\/uploads\/2024\/04\/news01_A.jpg\" width=\"540\" height=\"540\" srcset=\"https:\/\/diana-verona.com.mx\/wp-content\/uploads\/2024\/04\/news01_A.jpg 540w, https:\/\/diana-verona.com.mx\/wp-content\/uploads\/2024\/04\/news01_A-300x300.jpg 300w, https:\/\/diana-verona.com.mx\/wp-content\/uploads\/2024\/04\/news01_A-150x150.jpg 150w\" sizes=\"auto, (max-width: 540px) 100vw, 540px\" \/><\/span><\/a><\/figure><\/div>\n\n\n\n<div class=\"wp-block-stackable-columns stk-block-columns stk-block stk-339a610\" data-block-id=\"339a610\"><div class=\"stk-row stk-inner-blocks stk-block-content stk-content-align stk-339a610-column\">\n<div class=\"wp-block-stackable-column stk-block-column stk-column stk-block stk-c772bed\" data-v=\"4\" data-block-id=\"c772bed\"><div class=\"stk-column-wrapper stk-block-column__content stk-container stk-c772bed-container stk--no-background stk--no-padding\"><div class=\"stk-block-content stk-inner-blocks stk-c772bed-inner-blocks\">\n<div class=\"wp-block-stackable-text stk-block-text stk-block stk-3e290cf\" data-block-id=\"3e290cf\"><style>.stk-3e290cf .stk-block-text__text{color:var(--theme-palette-color-4,#102136) !important}<\/style><p class=\"stk-block-text__text has-text-color has-text-align-center\"><strong><strong>BIKE BUCKLES<\/strong><\/strong><br>We are ready to transform your sketches and ideas into real metal products , exclusively made for your brand<\/p><\/div>\n<\/div><\/div><\/div>\n<\/div><\/div>\n<\/div><\/div><\/div>\n\n\n\n<div class=\"wp-block-stackable-column stk-block-column stk-column stk-block stk-7339f9b\" data-v=\"4\" data-block-id=\"7339f9b\"><div class=\"stk-column-wrapper stk-block-column__content stk-container stk-7339f9b-container stk--no-background stk--no-padding\"><div class=\"stk-block-content stk-inner-blocks stk-7339f9b-inner-blocks\">\n<div class=\"wp-block-stackable-image stk-block-image stk-block stk-533a1f6\" data-block-id=\"533a1f6\"><style>.stk-533a1f6{margin-bottom:0px !important}.stk-533a1f6 .stk-img-wrapper img{transform:scale(0.7) !important}.stk-533a1f6 .stk-img-wrapper img,.stk-533a1f6 .stk-img-wrapper::after,.stk-533a1f6 .stk-img-wrapper::before{mask-image:url('data:image\/svg+xml;base64,PHN2ZyB4bWxucz0iaHR0cDovL3d3dy53My5vcmcvMjAwMC9zdmciIHZpZXdCb3g9IjAgMCAxMDAgMTAwIiBwcmVzZXJ2ZUFzcGVjdFJhdGlvPSJub25lIj48Y2lyY2xlIGN4PSI1MCIgY3k9IjUwIiByPSI1MCI+PC9jaXJjbGU+PC9zdmc+') !important;-webkit-mask-image:url('data:image\/svg+xml;base64,PHN2ZyB4bWxucz0iaHR0cDovL3d3dy53My5vcmcvMjAwMC9zdmciIHZpZXdCb3g9IjAgMCAxMDAgMTAwIiBwcmVzZXJ2ZUFzcGVjdFJhdGlvPSJub25lIj48Y2lyY2xlIGN4PSI1MCIgY3k9IjUwIiByPSI1MCI+PC9jaXJjbGU+PC9zdmc+') !important}<\/style><figure><a class=\"stk-link\" href=\"https:\/\/diana-verona.com.mx\/en\/?page_id=940\"><span class=\"stk-img-wrapper stk-img--shape stk-image--shape-stretch\"><img loading=\"lazy\" decoding=\"async\" class=\"stk-img wp-image-875\" src=\"http:\/\/diana-verona.com.mx\/wp-content\/uploads\/2024\/04\/news02_A.jpg\" width=\"540\" height=\"540\" srcset=\"https:\/\/diana-verona.com.mx\/wp-content\/uploads\/2024\/04\/news02_A.jpg 540w, https:\/\/diana-verona.com.mx\/wp-content\/uploads\/2024\/04\/news02_A-300x300.jpg 300w, https:\/\/diana-verona.com.mx\/wp-content\/uploads\/2024\/04\/news02_A-150x150.jpg 150w\" sizes=\"auto, (max-width: 540px) 100vw, 540px\" \/><\/span><\/a><\/figure><\/div>\n\n\n\n<div class=\"wp-block-stackable-columns stk-block-columns stk-block stk-1eb784c\" data-block-id=\"1eb784c\"><div class=\"stk-row stk-inner-blocks stk-block-content stk-content-align stk-1eb784c-column\">\n<div class=\"wp-block-stackable-column stk-block-column stk-column stk-block stk-3aec141\" data-v=\"4\" data-block-id=\"3aec141\"><div class=\"stk-column-wrapper stk-block-column__content stk-container stk-3aec141-container stk--no-background stk--no-padding\"><div class=\"stk-block-content stk-inner-blocks stk-3aec141-inner-blocks\">\n<div class=\"wp-block-stackable-text stk-block-text stk-block stk-8f5c38a\" data-block-id=\"8f5c38a\"><style>.stk-8f5c38a .stk-block-text__text{color:var(--theme-palette-color-4,#102136) !important}<\/style><p class=\"stk-block-text__text has-text-color has-text-align-center\"><strong><strong>FINE SNAPHOOKS<\/strong><\/strong><br>The notched closure restricts side movement and provides improved security.<\/p><\/div>\n<\/div><\/div><\/div>\n<\/div><\/div>\n<\/div><\/div><\/div>\n<\/div><\/div>\n<\/div><\/div><\/div>\n<\/div><\/div>\n<\/div><\/div><\/div>\n<\/div><\/div>","protected":false},"excerpt":{"rendered":"<p>BANDOLAS FINAS \u00daLTIMAS NOVEDADES Aqu\u00ed podr\u00e1s ver nuestros productos destacados de los meses anteriores EXPOSICIONESConoce las expo donde podr\u00e1s encontrar un estand de Vedia Industrial. HEBILLAS CON ESTILO BIKERTenemos todo tipo de dise\u00f1os, estamos seguros que encontrar\u00e1s uno que se adapte a lo que buscas BANDOLAS FINASEl cierre con muesca limita el movimiento lateral y [&hellip;]<\/p>\n","protected":false},"author":1,"featured_media":0,"parent":0,"menu_order":0,"comment_status":"closed","ping_status":"closed","template":"","meta":{"_editorskit_title_hidden":false,"_editorskit_reading_time":0,"_editorskit_is_block_options_detached":false,"_editorskit_block_options_position":"{}","footnotes":""},"class_list":["post-940","page","type-page","status-publish","hentry"],"blocksy_meta":[],"_links":{"self":[{"href":"https:\/\/diana-verona.com.mx\/en\/wp-json\/wp\/v2\/pages\/940","targetHints":{"allow":["GET"]}}],"collection":[{"href":"https:\/\/diana-verona.com.mx\/en\/wp-json\/wp\/v2\/pages"}],"about":[{"href":"https:\/\/diana-verona.com.mx\/en\/wp-json\/wp\/v2\/types\/page"}],"author":[{"embeddable":true,"href":"https:\/\/diana-verona.com.mx\/en\/wp-json\/wp\/v2\/users\/1"}],"replies":[{"embeddable":true,"href":"https:\/\/diana-verona.com.mx\/en\/wp-json\/wp\/v2\/comments?post=940"}],"version-history":[{"count":6,"href":"https:\/\/diana-verona.com.mx\/en\/wp-json\/wp\/v2\/pages\/940\/revisions"}],"predecessor-version":[{"id":1156,"href":"https:\/\/diana-verona.com.mx\/en\/wp-json\/wp\/v2\/pages\/940\/revisions\/1156"}],"wp:attachment":[{"href":"https:\/\/diana-verona.com.mx\/en\/wp-json\/wp\/v2\/media?parent=940"}],"curies":[{"name":"wp","href":"https:\/\/api.w.org\/{rel}","templated":true}]}}