{"id":561,"date":"2022-06-15T07:38:19","date_gmt":"2022-06-15T07:38:19","guid":{"rendered":"https:\/\/demo.creativethemes.com\/stagingfour\/?page_id=561"},"modified":"2024-04-11T16:48:04","modified_gmt":"2024-04-11T22:48:04","slug":"contacto","status":"publish","type":"page","link":"https:\/\/diana-verona.com.mx\/en\/contacto\/","title":{"rendered":"Contacto"},"content":{"rendered":"<div class=\"wp-block-stackable-columns alignfull stk-block-columns stk-block stk-909bef5 stk-block-background stk--has-background-overlay\" data-block-id=\"909bef5\"><style>.stk-909bef5{background-image:url(http:\/\/diana-verona.com.mx\/wp-content\/uploads\/2024\/04\/TITULOS.jpg) !important}<\/style><div class=\"stk-row stk-inner-blocks stk-block-content stk-content-align stk-909bef5-column alignfull\">\n<div class=\"wp-block-stackable-column stk-block-column stk-column stk-block stk-421564c\" data-v=\"4\" data-block-id=\"421564c\"><div class=\"stk-column-wrapper stk-block-column__content stk-container stk-421564c-container stk--no-background stk--no-padding\"><div class=\"stk-block-content stk-inner-blocks stk-421564c-inner-blocks\">\n<div class=\"wp-block-stackable-heading stk-block-heading stk-block-heading--v2 stk-block stk-0837a92\" id=\"span-style-color-var-theme-palette-color-1-6880-ca-class-stk-highlight-contactanos-span\" data-block-id=\"0837a92\"><h3 class=\"stk-block-heading__text has-text-align-center\"><span style=\"color: var(--theme-palette-color-1, #6880ca);\" class=\"stk-highlight\">CONTACT US<\/span><\/h3><\/div>\n<\/div><\/div><\/div>\n<\/div><\/div>\n\n\n\n<div class=\"wp-block-stackable-columns stk-block-columns stk-block stk-d24f325\" data-block-id=\"d24f325\"><div class=\"stk-row stk-inner-blocks stk-block-content stk-content-align stk-d24f325-column\">\n<div class=\"wp-block-stackable-column stk-block-column stk-column stk-block stk-3f16fb7\" data-v=\"4\" data-block-id=\"3f16fb7\"><style>@media screen and (min-width:690px){.stk-3f16fb7{flex:var(--stk-flex-grow,1) 1 calc(66.666% - var(--stk-column-gap,0px) * 1 \/ 2 ) !important}}<\/style><div class=\"stk-column-wrapper stk-block-column__content stk-container stk-3f16fb7-container stk--no-background stk--no-padding\"><div class=\"stk-block-content stk-inner-blocks stk-3f16fb7-inner-blocks\">\n<div class=\"wp-block-stackable-map stk-block-map stk-block stk-40df36b\" data-block-id=\"40df36b\"><style>.stk-40df36b{border-top-left-radius:0px !important;border-top-right-radius:0px !important;border-bottom-right-radius:0px !important;border-bottom-left-radius:0px !important;overflow:hidden !important;box-shadow:0 5px 30px -10px rgba(18,63,82,0.3) !important}<\/style><iframe\n\t\t\t\t\t\ttitle=\"Embedded content from Google Maps Platform.\"\n\t\t\t\t\t\tsrc=\"https:\/\/maps.google.com\/maps?q=Maiz 157, granjas esmeralda Iztapalapa&#038;t=&#038;z=16&#038;ie=UTF8&#038;output=embed\"\n\t\t\t\t\t\tstyle=\"border:0;width:100%;max-width:none;max-height:none;height:100%;\"\n\t\t\t\t\t\taria-hidden=\"false\"\n\t\t\t\t\t\ttabindex=\"0\"\n\t\t\t\t\t\tallowfullscreen\n\t\t\t\t\t\tloading=\"lazy\"\n\t\t\t\t\t\tframeborder=\"0\"\n\t\t\t\t\t><\/iframe><\/div>\n<\/div><\/div><\/div>\n\n\n\n<div class=\"wp-block-stackable-column stk-block-column stk-column stk-block stk-369c4bb\" data-v=\"4\" data-block-id=\"369c4bb\"><style>.stk-369c4bb-container{margin-top:52px !important;margin-right:52px !important;margin-bottom:52px !important;margin-left:52px !important}.stk-369c4bb-inner-blocks{align-items:center !important;justify-content:center !important}@media screen and (min-width:690px){.stk-369c4bb{flex:var(--stk-flex-grow,1) 1 calc(33.33400000000002% - var(--stk-column-gap,0px) * 1 \/ 2 ) !important}}<\/style><div class=\"stk-column-wrapper stk-block-column__content stk-container stk-369c4bb-container stk--no-background stk--no-padding\"><div class=\"stk--column-flex stk-block-content stk-inner-blocks stk-369c4bb-inner-blocks\">\n<div class=\"wp-block-stackable-text stk-block-text stk-block stk-fad4bd5\" data-block-id=\"fad4bd5\"><style>.stk-fad4bd5{border-top-left-radius:0px !important;border-top-right-radius:0px !important;border-bottom-right-radius:0px !important;border-bottom-left-radius:0px !important;overflow:hidden !important}.stk-fad4bd5 .stk-block-text__text{font-size:35px !important}@media screen and (max-width:999px){.stk-fad4bd5 .stk-block-text__text{font-size:35px !important}}<\/style><p class=\"stk-block-text__text has-text-align-center\"><strong><span style=\"color: var(--theme-palette-color-1, #6880ca);\" class=\"stk-highlight\">MEXICO CITY<\/span><\/strong> <\/p><\/div>\n\n\n\n<div class=\"wp-block-stackable-text stk-block-text stk-block stk-0142480\" data-block-id=\"0142480\"><style>.stk-0142480 .stk-block-text__text{font-size:16px !important}@media screen and (max-width:999px){.stk-0142480 .stk-block-text__text{font-size:16px !important}}<\/style><p class=\"stk-block-text__text\">Ma\u00edz #157, Col. Granjas Esmeralda, <br>Iztapalapa, CDMX, C.P. 09810<br>Tel\u00e9fono: (55) 59 99 25 50<br>ventas@diana-verona.com.mx <\/p><\/div>\n<\/div><\/div><\/div>\n<\/div><\/div>\n\n\n\n<div class=\"wp-block-stackable-spacer stk-block-spacer stk--no-padding stk-block stk-54abd73\" data-block-id=\"54abd73\"><\/div>\n\n\n\n<div class=\"wp-block-stackable-columns stk-block-columns stk-block stk-2547f84\" data-block-id=\"2547f84\"><div class=\"stk-row stk-inner-blocks stk-block-content stk-content-align stk-2547f84-column\">\n<div class=\"wp-block-stackable-column stk-block-column stk-column stk-block stk-19735a9\" data-v=\"4\" data-block-id=\"19735a9\"><style>@media screen and (min-width:690px){.stk-19735a9{flex:var(--stk-flex-grow,1) 1 66.7% !important}}<\/style><div class=\"stk-column-wrapper stk-block-column__content stk-container stk-19735a9-container stk--no-background stk--no-padding\"><div class=\"stk-block-content stk-inner-blocks stk-19735a9-inner-blocks\">\n<div class=\"wp-block-stackable-map stk-block-map stk-block stk-b0b888b\" data-block-id=\"b0b888b\"><style>.stk-b0b888b{box-shadow:0 5px 30px -10px rgba(18,63,82,0.3) !important}<\/style><iframe\n\t\t\t\t\t\ttitle=\"Embedded content from Google Maps Platform.\"\n\t\t\t\t\t\tsrc=\"https:\/\/maps.google.com\/maps?q=Boulevard Pradera 1426, col. Azteca, leon &#038;t=&#038;z=16&#038;ie=UTF8&#038;output=embed\"\n\t\t\t\t\t\tstyle=\"border:0;width:100%;max-width:none;max-height:none;height:100%;\"\n\t\t\t\t\t\taria-hidden=\"false\"\n\t\t\t\t\t\ttabindex=\"0\"\n\t\t\t\t\t\tallowfullscreen\n\t\t\t\t\t\tloading=\"lazy\"\n\t\t\t\t\t\tframeborder=\"0\"\n\t\t\t\t\t><\/iframe><\/div>\n<\/div><\/div><\/div>\n\n\n\n<div class=\"wp-block-stackable-column stk-block-column stk-column stk-block stk-97df345\" data-v=\"4\" data-block-id=\"97df345\"><style>.stk-97df345-container{margin-top:52px !important;margin-right:52px !important;margin-bottom:52px !important;margin-left:52px !important}.stk-97df345-inner-blocks{align-items:center !important;justify-content:center !important}@media screen and (min-width:690px){.stk-97df345{flex:var(--stk-flex-grow,1) 1 calc(33.33400000000002% - var(--stk-column-gap,0px) * 1 \/ 2 ) !important}}<\/style><div class=\"stk-column-wrapper stk-block-column__content stk-container stk-97df345-container stk--no-background stk--no-padding\"><div class=\"stk--column-flex stk-block-content stk-inner-blocks stk-97df345-inner-blocks\">\n<div class=\"wp-block-stackable-text stk-block-text stk-block stk-26dfc82\" data-block-id=\"26dfc82\"><style>.stk-26dfc82 .stk-block-text__text{font-size:35px !important}@media screen and (max-width:999px){.stk-26dfc82 .stk-block-text__text{font-size:35px !important}}<\/style><p class=\"stk-block-text__text\"><strong><span style=\"color: var(--theme-palette-color-1, #6880ca);\" class=\"stk-highlight\">GUANAJUATO<\/span><\/strong> <\/p><\/div>\n\n\n\n<div class=\"wp-block-stackable-text stk-block-text stk-block stk-a37cf47\" data-block-id=\"a37cf47\"><style>.stk-a37cf47 .stk-block-text__text{font-size:16px !important}@media screen and (max-width:999px){.stk-a37cf47 .stk-block-text__text{font-size:16px !important}}<\/style><p class=\"stk-block-text__text\">Boulevard Pradera 1426, col. Azteca <br>Le\u00f3n, Guanajuato, C.P. 37520<br>Tel\u00e9fono: (47) 77 11 30 90<br>ventas.leon@diana-verona.com.mx<\/p><\/div>\n<\/div><\/div><\/div>\n<\/div><\/div>\n\n\n\n<div class=\"wp-block-stackable-spacer stk-block-spacer stk--no-padding stk-block stk-a4aa810\" data-block-id=\"a4aa810\"><\/div>\n\n\n\n<div class=\"wp-block-stackable-columns stk-block-columns stk-block stk-ed1b7f2\" data-block-id=\"ed1b7f2\"><div class=\"stk-row stk-inner-blocks stk-block-content stk-content-align stk-ed1b7f2-column\">\n<div class=\"wp-block-stackable-column stk-block-column stk-column stk-block stk-c48fbb4\" data-v=\"4\" data-block-id=\"c48fbb4\"><div class=\"stk-column-wrapper stk-block-column__content stk-container stk-c48fbb4-container stk--no-background stk--no-padding\"><div class=\"stk-block-content stk-inner-blocks stk-c48fbb4-inner-blocks\">\n<div class=\"wp-block-stackable-columns stk-block-columns stk-block stk-f78144c\" data-block-id=\"f78144c\"><div class=\"stk-row stk-inner-blocks stk-block-content stk-content-align stk-f78144c-column\">\n<div class=\"wp-block-stackable-column stk-block-column stk-column stk-block stk-3c69222\" data-v=\"4\" data-block-id=\"3c69222\"><style>@media screen and (min-width:690px){.stk-3c69222{flex:var(--stk-flex-grow,1) 1 66.7% !important}}<\/style><div class=\"stk-column-wrapper stk-block-column__content stk-container stk-3c69222-container stk--no-background stk--no-padding\"><div class=\"stk-block-content stk-inner-blocks stk-3c69222-inner-blocks\">\n<div class=\"wp-block-stackable-map stk-block-map stk-block stk-8453cf5\" data-block-id=\"8453cf5\"><style>.stk-8453cf5{box-shadow:0 5px 30px -10px rgba(18,63,82,0.3) !important}<\/style><iframe\n\t\t\t\t\t\ttitle=\"Embedded content from Google Maps Platform.\"\n\t\t\t\t\t\tsrc=\"https:\/\/maps.google.com\/maps?q=Sierra de Comanja 1728-A, col. Las \u00c1guilas  Zapopan, Jalisco, C.P. 450800&#038;t=&#038;z=16&#038;ie=UTF8&#038;output=embed\"\n\t\t\t\t\t\tstyle=\"border:0;width:100%;max-width:none;max-height:none;height:100%;\"\n\t\t\t\t\t\taria-hidden=\"false\"\n\t\t\t\t\t\ttabindex=\"0\"\n\t\t\t\t\t\tallowfullscreen\n\t\t\t\t\t\tloading=\"lazy\"\n\t\t\t\t\t\tframeborder=\"0\"\n\t\t\t\t\t><\/iframe><\/div>\n<\/div><\/div><\/div>\n\n\n\n<div class=\"wp-block-stackable-column stk-block-column stk-column stk-block stk-88a6fb1\" data-v=\"4\" data-block-id=\"88a6fb1\"><style>.stk-88a6fb1-container{margin-top:52px !important;margin-right:52px !important;margin-bottom:52px !important;margin-left:52px !important}.stk-88a6fb1-inner-blocks{align-items:center !important;justify-content:center !important}@media screen and (min-width:690px){.stk-88a6fb1{flex:var(--stk-flex-grow,1) 1 calc(33.33400000000002% - var(--stk-column-gap,0px) * 1 \/ 2 ) !important}}<\/style><div class=\"stk-column-wrapper stk-block-column__content stk-container stk-88a6fb1-container stk--no-background stk--no-padding\"><div class=\"stk--column-flex stk-block-content stk-inner-blocks stk-88a6fb1-inner-blocks\">\n<div class=\"wp-block-stackable-text stk-block-text stk-block stk-aef4a8d\" data-block-id=\"aef4a8d\"><style>.stk-aef4a8d .stk-block-text__text{font-size:35px !important}@media screen and (max-width:999px){.stk-aef4a8d .stk-block-text__text{font-size:35px !important}}<\/style><p class=\"stk-block-text__text\"><strong><span style=\"color: var(--theme-palette-color-1, #6880ca);\" class=\"stk-highlight\">GUADALAJARA<\/span><\/strong> <\/p><\/div>\n\n\n\n<div class=\"wp-block-stackable-text stk-block-text stk-block stk-c7ab2d8\" data-block-id=\"c7ab2d8\"><style>.stk-c7ab2d8 .stk-block-text__text{font-size:16px !important}@media screen and (max-width:999px){.stk-c7ab2d8 .stk-block-text__text{font-size:16px !important}}<\/style><p class=\"stk-block-text__text\">Sierra de Comanja 1728-A, col. Las \u00c1guilas <br>Zapopan, Jalisco, C.P. 450800<br>Tel\u00e9fono: (33) 36 31 84 79<br>ventas.gdl@diana-verona.com.mx<\/p><\/div>\n<\/div><\/div><\/div>\n<\/div><\/div>\n<\/div><\/div><\/div>\n<\/div><\/div>","protected":false},"excerpt":{"rendered":"<p>CONT\u00c1CTANOS CIUDAD DE M\u00c9XICO Ma\u00edz #157, Col. Granjas Esmeralda, Iztapalapa, CDMX, C.P. 09810Tel\u00e9fono: (55) 59 99 25 50ventas@diana-verona.com.mx GUANAJUATO Boulevard Pradera 1426, col. Azteca Le\u00f3n, Guanajuato, C.P. 37520Tel\u00e9fono: (47) 77 11 30 90ventas.leon@diana-verona.com.mx GUADALAJARA Sierra de Comanja 1728-A, col. Las \u00c1guilas Zapopan, Jalisco, C.P. 450800Tel\u00e9fono: (33) 36 31 84 79ventas.gdl@diana-verona.com.mx<\/p>","protected":false},"author":1,"featured_media":0,"parent":0,"menu_order":0,"comment_status":"closed","ping_status":"closed","template":"","meta":{"_editorskit_title_hidden":false,"_editorskit_reading_time":0,"_editorskit_is_block_options_detached":false,"_editorskit_block_options_position":"{}","footnotes":""},"class_list":["post-561","page","type-page","status-publish","hentry"],"blocksy_meta":{"page_title_panel":"","has_hero_section":"disabled","25b2b4defa9e5958955601886b88cd66":"","hero_section":"type-1","hero_elements":[{"id":"custom_title","enabled":true,"heading_tag":"h1","title":"Home"},{"id":"custom_description","enabled":true,"description_visibility":{"desktop":true,"tablet":true,"mobile":false}},{"id":"custom_meta","enabled":false,"meta_elements":[{"id":"author","enabled":true,"label":"By","has_author_avatar":"yes","avatar_size":25},{"id":"post_date","enabled":true,"label":"On","date_format_source":"default","date_format":"M j, Y"},{"id":"updated_date","enabled":false,"label":"On","date_format_source":"default","date_format":"M j, Y"},{"id":"categories","enabled":false,"label":"In","style":"simple"},{"id":"comments","enabled":true}],"page_meta_elements":{"joined":true,"articles_count":true,"comments":true}},{"id":"breadcrumbs","enabled":false}],"7fc694c1e77368852a20b6cfa8cb6e51":"","hero_alignment1":"CT_CSS_SKIP_RULE","hero_margin":40,"hero_alignment2":"center","hero_vertical_alignment":"center","14bc9a7319c82c3f8bbebfcfe8fa8745":"","hero_structure":"narrow","22eed9c0e701144b856bb0ac4cb11f8f":"","page_title_bg_type":"featured_image","custom_hero_background":{"attachment_id":null},"page_title_image_size":"full","parallax":{"desktop":false,"tablet":false,"mobile":false},"7b65d9088366ac3d796b84bf1ccb69a8":"","hero_height":"250px","pageTitleFont":{"family":"Default","variation":"Default","size":"30px","line-height":"CT_CSS_SKIP_RULE","letter-spacing":"CT_CSS_SKIP_RULE","text-transform":"CT_CSS_SKIP_RULE","text-decoration":"CT_CSS_SKIP_RULE"},"pageTitleFontColor":{"default":{"color":"CT_CSS_SKIP_RULEDEFAULT"}},"pageMetaFont":{"family":"Default","variation":"n6","size":"12px","line-height":"1.3","letter-spacing":"CT_CSS_SKIP_RULE","text-transform":"uppercase","text-decoration":"CT_CSS_SKIP_RULE"},"pageMetaFontColor":{"default":{"color":"CT_CSS_SKIP_RULEDEFAULT"},"hover":{"color":"CT_CSS_SKIP_RULEDEFAULT"}},"page_meta_button_type_font_colors":{"default":{"color":"CT_CSS_SKIP_RULEDEFAULT"},"hover":{"color":"CT_CSS_SKIP_RULEDEFAULT"}},"page_meta_button_type_background_colors":{"default":{"color":"CT_CSS_SKIP_RULEDEFAULT"},"hover":{"color":"CT_CSS_SKIP_RULEDEFAULT"}},"pageExcerptFont":{"family":"Default","variation":"Default","size":"CT_CSS_SKIP_RULE","line-height":"CT_CSS_SKIP_RULE","letter-spacing":"CT_CSS_SKIP_RULE","text-transform":"CT_CSS_SKIP_RULE","text-decoration":"CT_CSS_SKIP_RULE"},"pageExcerptColor":{"default":{"color":"CT_CSS_SKIP_RULEDEFAULT"}},"breadcrumbsFont":{"family":"Default","variation":"Default","size":"CT_CSS_SKIP_RULE","line-height":"CT_CSS_SKIP_RULE","letter-spacing":"CT_CSS_SKIP_RULE","text-transform":"CT_CSS_SKIP_RULE","text-decoration":"CT_CSS_SKIP_RULE"},"breadcrumbsFontColor":{"default":{"color":"CT_CSS_SKIP_RULEDEFAULT"},"initial":{"color":"CT_CSS_SKIP_RULEDEFAULT"},"hover":{"color":"CT_CSS_SKIP_RULEDEFAULT"}},"pageTitleOverlay":{"background_type":"color","background_pattern":"type-1","background_image":{"attachment_id":null,"x":0,"y":0},"gradient":"linear-gradient(135deg,rgba(6,147,227,1) 0%,rgb(155,81,224) 100%)","background_repeat":"repeat","background_size":"auto","background_attachment":"scroll","patternColor":{"default":{"color":"#e5e7ea"}},"overlayColor":{"default":{"color":"CT_CSS_SKIP_RULE"}},"backgroundColor":{"default":{"color":"CT_CSS_SKIP_RULE"}}},"pageTitleBackground":{"background_type":"color","background_pattern":"type-1","background_image":{"attachment_id":null,"x":0,"y":0},"gradient":"linear-gradient(135deg,rgba(6,147,227,1) 0%,rgb(155,81,224) 100%)","background_repeat":"repeat","background_size":"auto","background_attachment":"scroll","patternColor":{"default":{"color":"#e5e7ea"}},"overlayColor":{"default":{"color":"CT_CSS_SKIP_RULE"}},"backgroundColor":{"default":{"color":"var(--theme-palette-color-6)"}}},"pageTitlePadding":{"top":"50px","bottom":"50px","left":"auto","right":"auto","linked":true},"e91887772d6e3cce3ac54ea12eaad70d":"","page_structure_type":"default","92ac8d6ea476c9002a2bdc3ebe15676b":"","content_style_source":"inherit","content_style":"wide","vertical_spacing_source":"custom","content_area_spacing":"none","background":{"background_type":"color","background_pattern":"type-1","background_image":{"attachment_id":null,"x":0,"y":0},"gradient":"linear-gradient(135deg,rgba(6,147,227,1) 0%,rgb(155,81,224) 100%)","background_repeat":"repeat","background_size":"auto","background_attachment":"scroll","patternColor":{"default":{"color":"#e5e7ea"}},"overlayColor":{"default":{"color":"CT_CSS_SKIP_RULE"}},"backgroundColor":{"default":{"color":"CT_CSS_SKIP_RULE"}}},"content_background":{"background_type":"color","background_pattern":"type-1","background_image":{"attachment_id":null,"x":0,"y":0},"gradient":"linear-gradient(135deg,rgba(6,147,227,1) 0%,rgb(155,81,224) 100%)","background_repeat":"repeat","background_size":"auto","background_attachment":"scroll","patternColor":{"default":{"color":"#e5e7ea"}},"overlayColor":{"default":{"color":"CT_CSS_SKIP_RULE"}},"backgroundColor":{"default":{"color":"var(--theme-palette-color-8)"}}},"content_boxed_shadow":{"inherit":false,"blur":18,"spread":-6,"v_offset":12,"h_offset":0,"inset":false,"enable":true,"color":{"color":"rgba(34, 56, 101, 0.04)"}},"content_boxed_border":{"width":1,"style":"none","color":{"color":"rgba(44,62,80,0.2)"}},"content_boxed_radius":{"top":"3px","bottom":"3px","left":"3px","right":"3px","linked":true},"boxed_content_spacing":{"desktop":{"top":"40px","bottom":"40px","left":"40px","right":"40px","linked":true},"tablet":{"top":"35px","bottom":"35px","left":"35px","right":"35px","linked":true},"mobile":{"top":"20px","bottom":"20px","left":"20px","right":"20px","linked":true}},"ecddc87e3a3c2a763c315647db2963c3":"","disable_featured_image":"no","disable_share_box":"no","disable_header":"no","disable_footer":"no","styles_descriptor":{"styles":{"desktop":"","tablet":"","mobile":""},"google_fonts":[],"version":6}},"_links":{"self":[{"href":"https:\/\/diana-verona.com.mx\/en\/wp-json\/wp\/v2\/pages\/561","targetHints":{"allow":["GET"]}}],"collection":[{"href":"https:\/\/diana-verona.com.mx\/en\/wp-json\/wp\/v2\/pages"}],"about":[{"href":"https:\/\/diana-verona.com.mx\/en\/wp-json\/wp\/v2\/types\/page"}],"author":[{"embeddable":true,"href":"https:\/\/diana-verona.com.mx\/en\/wp-json\/wp\/v2\/users\/1"}],"replies":[{"embeddable":true,"href":"https:\/\/diana-verona.com.mx\/en\/wp-json\/wp\/v2\/comments?post=561"}],"version-history":[{"count":7,"href":"https:\/\/diana-verona.com.mx\/en\/wp-json\/wp\/v2\/pages\/561\/revisions"}],"predecessor-version":[{"id":961,"href":"https:\/\/diana-verona.com.mx\/en\/wp-json\/wp\/v2\/pages\/561\/revisions\/961"}],"wp:attachment":[{"href":"https:\/\/diana-verona.com.mx\/en\/wp-json\/wp\/v2\/media?parent=561"}],"curies":[{"name":"wp","href":"https:\/\/api.w.org\/{rel}","templated":true}]}}